{"id":175,"date":"2014-09-26T16:17:31","date_gmt":"2014-09-26T14:17:31","guid":{"rendered":"http:\/\/pydna.de\/?page_id=175"},"modified":"2014-09-26T16:17:31","modified_gmt":"2014-09-26T14:17:31","slug":"hunsruecker-friedensbewegung","status":"publish","type":"page","link":"https:\/\/pydna.de\/?page_id=175","title":{"rendered":"Hunsr\u00fccker Friedensbewegung"},"content":{"rendered":"<p>Demonstrationen, Raketen, Osterm\u00e4rsche und Meschenkette. Es war einiges los rund um die Atomraketenstation PYDNA im Hunsr\u00fcck in den achtziger Jahren.<\/p>\n<div class=\"post-body entry-content\"><a href=\"http:\/\/pydna.de\/wp-content\/uploads\/2014\/09\/Ostermarsch_1982_2.jpg\"><img loading=\"lazy\" decoding=\"async\" class=\"alignnone size-medium wp-image-326\" src=\"http:\/\/pydna.de\/wp-content\/uploads\/2014\/09\/Ostermarsch_1982_2-300x201.jpg\" alt=\"Ostermarsch_1982_2\" width=\"300\" height=\"201\" srcset=\"https:\/\/pydna.de\/wp-content\/uploads\/2014\/09\/Ostermarsch_1982_2-300x201.jpg 300w, https:\/\/pydna.de\/wp-content\/uploads\/2014\/09\/Ostermarsch_1982_2-1024x688.jpg 1024w, https:\/\/pydna.de\/wp-content\/uploads\/2014\/09\/Ostermarsch_1982_2.jpg 1200w\" sizes=\"(max-width: 300px) 100vw, 300px\" \/><\/a><\/div>\n<div id=\"post-body-3322716555824236020\" class=\"post-body entry-content\">Wer hat mitgemacht &#8211; und warum?<br \/>\nWie war die Friedensbewegung organisiert?<br \/>\nWas kann davon Anregung f\u00fcr heute sein?<br \/>\nWie wurden Entscheidungen getroffen?<br \/>\nWas war im Hunsr\u00fcck anders?<\/p>\n<\/div>\n<div class=\"post-body entry-content\"><a href=\"http:\/\/pydna.de\/wp-content\/uploads\/2014\/09\/Raketentoor_PYdna_Blockade.jpg\"><img loading=\"lazy\" decoding=\"async\" class=\"alignnone size-medium wp-image-342\" src=\"http:\/\/pydna.de\/wp-content\/uploads\/2014\/09\/Raketentoor_PYdna_Blockade-300x180.jpg\" alt=\"Raketentoor_PYdna_Blockade\" width=\"300\" height=\"180\" srcset=\"https:\/\/pydna.de\/wp-content\/uploads\/2014\/09\/Raketentoor_PYdna_Blockade-300x180.jpg 300w, https:\/\/pydna.de\/wp-content\/uploads\/2014\/09\/Raketentoor_PYdna_Blockade.jpg 364w\" sizes=\"(max-width: 300px) 100vw, 300px\" \/><\/a><\/div>\n","protected":false},"excerpt":{"rendered":"<p>Demonstrationen, Raketen, Osterm\u00e4rsche und Meschenkette. Es war einiges los rund um die Atomraketenstation PYDNA im Hunsr\u00fcck in den achtziger Jahren. Wer hat mitgemacht &#8211; und warum? Wie war die Friedensbewegung organisiert? Was kann davon Anregung f\u00fcr heute sein? Wie wurden Entscheidungen getroffen? Was war im Hunsr\u00fcck anders?<\/p>\n","protected":false},"author":1,"featured_media":329,"parent":0,"menu_order":0,"comment_status":"open","ping_status":"open","template":"","meta":{"jetpack_post_was_ever_published":false,"footnotes":""},"jetpack_sharing_enabled":true,"jetpack_shortlink":"https:\/\/wp.me\/P7MoaS-2P","jetpack_likes_enabled":true,"_links":{"self":[{"href":"https:\/\/pydna.de\/index.php?rest_route=\/wp\/v2\/pages\/175"}],"collection":[{"href":"https:\/\/pydna.de\/index.php?rest_route=\/wp\/v2\/pages"}],"about":[{"href":"https:\/\/pydna.de\/index.php?rest_route=\/wp\/v2\/types\/page"}],"author":[{"embeddable":true,"href":"https:\/\/pydna.de\/index.php?rest_route=\/wp\/v2\/users\/1"}],"replies":[{"embeddable":true,"href":"https:\/\/pydna.de\/index.php?rest_route=%2Fwp%2Fv2%2Fcomments&post=175"}],"version-history":[{"count":1,"href":"https:\/\/pydna.de\/index.php?rest_route=\/wp\/v2\/pages\/175\/revisions"}],"predecessor-version":[{"id":367,"href":"https:\/\/pydna.de\/index.php?rest_route=\/wp\/v2\/pages\/175\/revisions\/367"}],"wp:featuredmedia":[{"embeddable":true,"href":"https:\/\/pydna.de\/index.php?rest_route=\/wp\/v2\/media\/329"}],"wp:attachment":[{"href":"https:\/\/pydna.de\/index.php?rest_route=%2Fwp%2Fv2%2Fmedia&parent=175"}],"curies":[{"name":"wp","href":"https:\/\/api.w.org\/{rel}","templated":true}]}}