{"id":378,"date":"2014-09-26T17:43:33","date_gmt":"2014-09-26T15:43:33","guid":{"rendered":"http:\/\/pydna.de\/?page_id=378"},"modified":"2016-06-29T18:28:04","modified_gmt":"2016-06-29T16:28:04","slug":"peace","status":"publish","type":"page","link":"https:\/\/pydna.de\/?page_id=378","title":{"rendered":"Peace"},"content":{"rendered":"<p><strong>Gro\u00dfdemo Raketenstation Pydna Oktober 1986<\/strong><br \/>\n<a href=\"http:\/\/pydna.de\/wp-content\/uploads\/2014\/09\/GrossdemoHasselbachBell_Oktober_1986_2.jpg\"><img loading=\"lazy\" decoding=\"async\" class=\"alignnone size-medium wp-image-385\" src=\"http:\/\/pydna.de\/wp-content\/uploads\/2014\/09\/GrossdemoHasselbachBell_Oktober_1986_2-300x198.jpg\" alt=\"GrossdemoHasselbachBell_Oktober_1986_2\" width=\"300\" height=\"198\" srcset=\"https:\/\/pydna.de\/wp-content\/uploads\/2014\/09\/GrossdemoHasselbachBell_Oktober_1986_2-300x198.jpg 300w, https:\/\/pydna.de\/wp-content\/uploads\/2014\/09\/GrossdemoHasselbachBell_Oktober_1986_2-1024x676.jpg 1024w, https:\/\/pydna.de\/wp-content\/uploads\/2014\/09\/GrossdemoHasselbachBell_Oktober_1986_2.jpg 1648w\" sizes=\"(max-width: 300px) 100vw, 300px\" \/><\/a><br \/>\n<strong>180.000 Menschen demonstrierten im Hunsr\u00fcck.<\/strong><\/p>\n<p>Die Polizei &#8222;musste&#8220; in der abendlichen Pressekonfernz auf politische Weisung diese Zahl auf &#8222;\u00fcber 100.000&#8220; hinunterdr\u00fccken. In der Zeitschrift &#8222;DEUTSCHE POLIZEI&#8220; Nr 11\/86 wundert man sich<br \/>\ndann: &#8222;Wer h\u00e4tte das gedacht ? Keine Auschreitungen, keine Festnahmen, keine Stahlkugeln, kein Wasserwerfereinsatz, kein Demonstrant der nicht den Kundgebungsort erreicht h\u00e4tte, keine verletzten Polizeibeamten und keine verletzten<br \/>\nDemonstrationsteilnehmer. Die Die Grosskundgebung, an der rund 180.000 Menschen teilnahmen &#8230;.&#8220;.<\/p>\n<p><a href=\"http:\/\/pydna.de\/wp-content\/uploads\/2014\/09\/GrossdemoHasselbachBell_Oktober_1986-1.jpg\"><img loading=\"lazy\" decoding=\"async\" class=\"alignnone size-medium wp-image-379\" src=\"http:\/\/pydna.de\/wp-content\/uploads\/2014\/09\/GrossdemoHasselbachBell_Oktober_1986-1-300x213.jpg\" alt=\"GrossdemoHasselbachBell_Oktober_1986 (1)\" width=\"300\" height=\"213\" srcset=\"https:\/\/pydna.de\/wp-content\/uploads\/2014\/09\/GrossdemoHasselbachBell_Oktober_1986-1-300x213.jpg 300w, https:\/\/pydna.de\/wp-content\/uploads\/2014\/09\/GrossdemoHasselbachBell_Oktober_1986-1-1024x729.jpg 1024w, https:\/\/pydna.de\/wp-content\/uploads\/2014\/09\/GrossdemoHasselbachBell_Oktober_1986-1.jpg 1449w\" sizes=\"(max-width: 300px) 100vw, 300px\" \/><\/a><\/p>\n<p>Die Raketenmauer bot nach der Demo ein \u00e4usserst buntes Bild. Spr\u00fcche wie: &#8222;Helmut jetzt reichts, Hannelore&#8220;&#8230; &#8222;Wir brauchen kein SDI, wir haben schon eine Teflonpfanne&#8220;&#8230;<br \/>\n&#8222;Wer f\u00e4hrt denn da noch nach Berlin&#8220;&#8230; &#8222;Ein freies Land<br \/>\nbraucht keine Mauern&#8220;&#8230; &#8222;Wir gr\u00fcssen die Bundesregierung<br \/>\nmit einem dreifachen: hau ab !&#8220; und viele mehr waren da zu lesen. Eine &#8222;geballte&#8220; Ladung Phantasie gegen die<br \/>\nHochr\u00fcstung.<\/p>\n<p><a href=\"http:\/\/pydna.de\/wp-content\/uploads\/2014\/09\/GrossdemoHasselbachBell_Oktober_1986_3.jpg\"><img loading=\"lazy\" decoding=\"async\" class=\"alignnone size-medium wp-image-386\" src=\"http:\/\/pydna.de\/wp-content\/uploads\/2014\/09\/GrossdemoHasselbachBell_Oktober_1986_3-300x188.jpg\" alt=\"GrossdemoHasselbachBell_Oktober_1986_3\" width=\"300\" height=\"188\" srcset=\"https:\/\/pydna.de\/wp-content\/uploads\/2014\/09\/GrossdemoHasselbachBell_Oktober_1986_3-300x188.jpg 300w, https:\/\/pydna.de\/wp-content\/uploads\/2014\/09\/GrossdemoHasselbachBell_Oktober_1986_3-1024x642.jpg 1024w, https:\/\/pydna.de\/wp-content\/uploads\/2014\/09\/GrossdemoHasselbachBell_Oktober_1986_3.jpg 1595w\" sizes=\"(max-width: 300px) 100vw, 300px\" \/><\/a><\/p>\n<p>Diese Demonstration hat Zeichen gesetzt. Die<br \/>\nBerichterstattung in den Massenmedien ist leider wegen der &#8222;Friedlichkeit&#8220; nur sehr kurz gekommen. \u00fcber Krawalle h\u00e4tte man lange berichtet. Aber trotzdem, der Protest wurde zur Kenntnis genommen. Zeitungen aus aller Welt berichteten.<br \/>\nIm Beller Pfarrhaus und dem Hunsr\u00fccker Friedensb\u00fcro trafen zahlreiche Dankschreiben ein. Die Menschen zeigten sich \u00fcberw\u00e4ltigt von der eindrucksvollen Demonstration und vor allen Dingen von der Gastfreundschaft und Freundlichkeit der Menschen im Hunsr\u00fcck.<\/p>\n<p><a href=\"http:\/\/pydna.de\/wp-content\/uploads\/2014\/09\/puppe_stacheldraht.jpg\"><img loading=\"lazy\" decoding=\"async\" class=\"alignnone size-medium wp-image-337\" src=\"http:\/\/pydna.de\/wp-content\/uploads\/2014\/09\/puppe_stacheldraht-300x220.jpg\" alt=\"puppe_stacheldraht\" width=\"300\" height=\"220\" srcset=\"https:\/\/pydna.de\/wp-content\/uploads\/2014\/09\/puppe_stacheldraht-300x220.jpg 300w, https:\/\/pydna.de\/wp-content\/uploads\/2014\/09\/puppe_stacheldraht.jpg 687w\" sizes=\"(max-width: 300px) 100vw, 300px\" \/><\/a><\/p>\n","protected":false},"excerpt":{"rendered":"<p>Gro\u00dfdemo Raketenstation Pydna Oktober 1986 180.000 Menschen demonstrierten im Hunsr\u00fcck. Die Polizei &#8222;musste&#8220; in der abendlichen Pressekonfernz auf politische Weisung diese Zahl auf &#8222;\u00fcber 100.000&#8220; hinunterdr\u00fccken. In der Zeitschrift &#8222;DEUTSCHE POLIZEI&#8220; Nr 11\/86 wundert man sich dann: &#8222;Wer h\u00e4tte das gedacht ? Keine Auschreitungen, keine Festnahmen, keine Stahlkugeln, kein Wasserwerfereinsatz, kein Demonstrant der nicht den &hellip; <a href=\"https:\/\/pydna.de\/?page_id=378\" class=\"more-link\"><span class=\"screen-reader-text\">Peace<\/span> weiterlesen <span class=\"meta-nav\">&rarr;<\/span><\/a><\/p>\n","protected":false},"author":1,"featured_media":384,"parent":0,"menu_order":0,"comment_status":"closed","ping_status":"closed","template":"","meta":{"jetpack_post_was_ever_published":false,"footnotes":""},"jetpack_sharing_enabled":true,"jetpack_shortlink":"https:\/\/wp.me\/P7MoaS-66","jetpack_likes_enabled":true,"_links":{"self":[{"href":"https:\/\/pydna.de\/index.php?rest_route=\/wp\/v2\/pages\/378"}],"collection":[{"href":"https:\/\/pydna.de\/index.php?rest_route=\/wp\/v2\/pages"}],"about":[{"href":"https:\/\/pydna.de\/index.php?rest_route=\/wp\/v2\/types\/page"}],"author":[{"embeddable":true,"href":"https:\/\/pydna.de\/index.php?rest_route=\/wp\/v2\/users\/1"}],"replies":[{"embeddable":true,"href":"https:\/\/pydna.de\/index.php?rest_route=%2Fwp%2Fv2%2Fcomments&post=378"}],"version-history":[{"count":1,"href":"https:\/\/pydna.de\/index.php?rest_route=\/wp\/v2\/pages\/378\/revisions"}],"predecessor-version":[{"id":387,"href":"https:\/\/pydna.de\/index.php?rest_route=\/wp\/v2\/pages\/378\/revisions\/387"}],"wp:featuredmedia":[{"embeddable":true,"href":"https:\/\/pydna.de\/index.php?rest_route=\/wp\/v2\/media\/384"}],"wp:attachment":[{"href":"https:\/\/pydna.de\/index.php?rest_route=%2Fwp%2Fv2%2Fmedia&parent=378"}],"curies":[{"name":"wp","href":"https:\/\/api.w.org\/{rel}","templated":true}]}}