{"id":452,"date":"2016-06-26T22:41:21","date_gmt":"2016-06-26T20:41:21","guid":{"rendered":"http:\/\/pydna.de\/?page_id=452"},"modified":"2016-10-04T23:09:56","modified_gmt":"2016-10-04T21:09:56","slug":"mauss-loch-in-altstrimmig","status":"publish","type":"page","link":"https:\/\/pydna.de\/?page_id=452","title":{"rendered":"Mauss-Loch in Altstrimmig"},"content":{"rendered":"<p><strong>Eine Agentenstory aus dem Hunsr\u00fcck<\/strong><\/p>\n<figure id=\"attachment_456\" aria-describedby=\"caption-attachment-456\" style=\"width: 131px\" class=\"wp-caption alignright\"><a href=\"http:\/\/pydna.de\/wp-content\/uploads\/2016\/06\/HF_1991_Mauss_imSTERN.png\"><img loading=\"lazy\" decoding=\"async\" class=\"wp-image-456 size-medium\" src=\"http:\/\/pydna.de\/wp-content\/uploads\/2016\/06\/HF_1991_Mauss_imSTERN-131x300.png\" alt=\"HF_1991_Mauss_imSTERN\" width=\"131\" height=\"300\" srcset=\"https:\/\/pydna.de\/wp-content\/uploads\/2016\/06\/HF_1991_Mauss_imSTERN-131x300.png 131w, https:\/\/pydna.de\/wp-content\/uploads\/2016\/06\/HF_1991_Mauss_imSTERN.png 158w\" sizes=\"(max-width: 131px) 100vw, 131px\" \/><\/a><figcaption id=\"caption-attachment-456\" class=\"wp-caption-text\">DER STERN<\/figcaption><\/figure>\n<p><em>Wolfgang Bartels, Hunsr\u00fcck-Forum Nr. 20 April\/Juni 1988<\/em><\/p>\n<p>Es war einmal ein Top-Agent, der im offiziellen Auftrag diverser &#8222;Staats\u00adschutz&#8220;-Beh\u00f6rden und Versicherungen die Kontakte zur Unterwelt herstellte. Er war in die Aff\u00e4re um das &#8222;Celler Loch&#8220; verwickelt, das Niedersachsens Mini\u00adsterpr\u00e4sident in die Gef\u00e4ngnismauer sprengen lie\u00df, um einen Vorwand f\u00fcr die &#8222;Terroristen&#8220;-Hatz zu haben. &#8218;Er war beteiligt an den Dioxinfass-Schiebereien quer durch Europa. Illegale Lauschan\u00adgriffe, gezinkte Reisekostenabrechnun\u00adgen und vorget\u00e4uschte Raub\u00fcberf\u00e4lle geh\u00f6rten zum Repertoire von Werner Mauss alias Richard Nelson alias Heinz Franke alias Siegfried Schwarz alias Doktor Lange. Leider hatte er j\u00fcngst einen leichten Karriereknick: Er wurde steckbrieflich gesucht. Zudem kam j\u00fcngst ein Buch \u00fcber ihn auf den Markt, dessen Erscheinen er vergeblich verhin\u00addern wollte. Titel: &#8222;Mauss &#8211; ein deut\u00adscher Agent.&#8220;<\/p>\n<figure id=\"attachment_455\" aria-describedby=\"caption-attachment-455\" style=\"width: 300px\" class=\"wp-caption alignright\"><a href=\"http:\/\/pydna.de\/wp-content\/uploads\/2016\/06\/HF_1991_HinweisschilderaufganzbesonderenEigentuemer.png\"><img loading=\"lazy\" decoding=\"async\" class=\"wp-image-455 size-medium\" src=\"http:\/\/pydna.de\/wp-content\/uploads\/2016\/06\/HF_1991_HinweisschilderaufganzbesonderenEigentuemer-300x225.png\" alt=\"HF_1991_HinweisschilderaufganzbesonderenEigentuemer\" width=\"300\" height=\"225\" srcset=\"https:\/\/pydna.de\/wp-content\/uploads\/2016\/06\/HF_1991_HinweisschilderaufganzbesonderenEigentuemer-300x225.png 300w, https:\/\/pydna.de\/wp-content\/uploads\/2016\/06\/HF_1991_HinweisschilderaufganzbesonderenEigentuemer.png 389w\" sizes=\"(max-width: 300px) 100vw, 300px\" \/><\/a><figcaption id=\"caption-attachment-455\" class=\"wp-caption-text\">Hinweisschilder auf einen ganz besonders \u00e4ngstlichen Eigent\u00fcmer<\/figcaption><\/figure>\n<figure id=\"attachment_454\" aria-describedby=\"caption-attachment-454\" style=\"width: 300px\" class=\"wp-caption alignright\"><a href=\"http:\/\/pydna.de\/wp-content\/uploads\/2016\/06\/HF_1988_Kameraueberwachung.png\"><img loading=\"lazy\" decoding=\"async\" class=\"wp-image-454 size-medium\" src=\"http:\/\/pydna.de\/wp-content\/uploads\/2016\/06\/HF_1988_Kameraueberwachung-300x206.png\" alt=\"HF_1988_Kameraueberwachung\" width=\"300\" height=\"206\" srcset=\"https:\/\/pydna.de\/wp-content\/uploads\/2016\/06\/HF_1988_Kameraueberwachung-300x206.png 300w, https:\/\/pydna.de\/wp-content\/uploads\/2016\/06\/HF_1988_Kameraueberwachung.png 512w\" sizes=\"(max-width: 300px) 100vw, 300px\" \/><\/a><figcaption id=\"caption-attachment-454\" class=\"wp-caption-text\">\u00dcberwachungsanlage auf dem Grundst\u00fcck in Altstrimmig. Leute, das war vor dem Internet!<\/figcaption><\/figure>\n<p>Nun hat sich im Lauf der Geschichte schon mancher R\u00e4uberhauptmann im Hunsr\u00fcck versteckt &#8211; so auch unser Top-Agent Mauss. Der &#8222;Spiegel&#8220; berichtete am 18. November 1985 \u00fcber Mauss: &#8222;Der wohnte damals (1969) in Altstrim\u00admig im Hunsr\u00fcck. Als Grundst\u00fccksei\u00adgent\u00fcmer war er f\u00fcr die Borwiese 5 unter Richard Nelson im Grundbuch eingetra\u00adgen &#8211; eine amtlich abgeschirmte T\u00e4u\u00adschung; Juristen nennen das mittelbare Falschbeurkundung.&#8220; F\u00fcr 250 DM monatlich durfte der deutsche James\u00ad Bond-Verschnitt den benachbarten Landeplatz des M\u00f6belfabrikanten Thei\u00adsen benutzen. Bald darauf kauften sich Mauss und Theissen gemeinsam eine Cessna. &#8222;Am aufwendigen Lebensstil des Nachbarn war abzulesen, dass er immer besser ins Gesch\u00e4ft kam &#8211; mit wem auch immer. Von einem Flugplatz\u00adleiter h\u00f6rte Frau Theisen einmal, beim Betanken der Cessna seien massenweise Geldscheine im Kofferraum zu sehen gewesen. Auch sei das Anwesen, so bekam sie zugetragen, nicht von Mauss alias Nelson bezahlt worden, sondern von Pullach, dem Sitz des BND (Bundesnachrichtendienst).&#8220;<\/p>\n<p>Ohne sich zun\u00e4chst gro\u00dfe Theorien zu\u00adrechtzulegen, spazierten einige Frie\u00addensfreunde durch Altstrimmig. Da der Fall Mauss gerade wieder \u00fcber alle Sender lief, fiel ihnen die alte Geschich\u00adte von dem Agentenunterschlupf ein.<\/p>\n<p>Sie suchten das Haus, und fanden es schnell. Ein Erin<a href=\"http:\/\/pydna.de\/wp-content\/uploads\/2016\/06\/HunsrueckForum20_1988_TitelBild.png\"><img loading=\"lazy\" decoding=\"async\" class=\"alignright wp-image-458 size-medium\" src=\"http:\/\/pydna.de\/wp-content\/uploads\/2016\/06\/HunsrueckForum20_1988_TitelBild-214x300.png\" alt=\"HunsrueckForum20_1988_TitelBild\" width=\"214\" height=\"300\" srcset=\"https:\/\/pydna.de\/wp-content\/uploads\/2016\/06\/HunsrueckForum20_1988_TitelBild-214x300.png 214w, https:\/\/pydna.de\/wp-content\/uploads\/2016\/06\/HunsrueckForum20_1988_TitelBild.png 674w\" sizes=\"(max-width: 214px) 100vw, 214px\" \/><\/a>nerungsfoto sollte je\u00addoch Folgen haben.<\/p>\n<p>Wochen sp\u00e4ter erhielt einer der Spazier\u00adg\u00e4nger, Reinhard Sczech, einen Brief von einem Rechtsanwaltsb\u00fcro (siehe Kasten). Eine &#8222;Firma Nolilane N.V.&#8220; lie\u00df als &#8222;Eigent\u00fcmerin des Grundbesit\u00adzes in Altstrimmig&#8220; eine Ver\u00f6ffentli\u00adchung des Fotos im HUNSR\u00dcCK\u00adFORUM untersagen. Das hatte Rein\u00adhard Sczech zun\u00e4chst auch gar nicht vor &#8211; aber jetzt begann die Sache, interessant zu werden.<\/p>\n<p>Woher wei\u00df die Firma Nolilane N.V., wer fotografiert hat? Wie zu erfahren war, sei der Fotograf auf Videoband festgehalten. So weit, so gut. Da er aber kein Namensschild getragen hat, muss er mit irgendwelchen Fahndungsmetho\u00adden ermittelt worden sein. Sollte das Au\u00adtokennzeichen dabei geholfen haben? Aber beim Stra\u00dfenverkehrsamt erf\u00e4hrt man nicht ohne Weiteres, wem welches Auto geh\u00f6rt. Doch nicht nur den Autobesitzer fand man heraus. \u00dcber Rein\u00adhard Sczech wusste man noch, dass er beim HUNSR\u00dcCK-FORUM mitarbei\u00adtet. Woher?\u00a0 Stand vielleicht eine kleine \u00a0Datei parat, die alle wichtigen Angaben enthielt? Es soll ja eine sogenannte PIOS-Datei geben. Hat hier jemand f\u00fcr private Zwecke den kurzen Dienstweg zum Landeskriminalamt genutzt?<\/p>\n<p>Reinhard Sczech wird untersagt, das Foto im HUNSR\u00dcCK-FORUM zu ver\u00ad\u00f6ffentlichen. Nun &#8211; normalerweise w\u00e4re der Schuppen ja auch nicht abbildens\u00adwert. Aber wenn das so ist: Das wollen wir doch mal ausprobieren! Es gibt nach dem Kunsturhebergesetz zwar ein Recht am pers\u00f6nlichen Bild, nicht jedoch ein Recht am Bild von irgendwelchen Ge\u00adgenst\u00e4nden. Und wenn schon jemandes Recht am Bild verletzt wurde, dann das von Reinhard Sczech, denn er ist ja schlie\u00dflich von der Videokamera aufge\u00adnommen und mit ihrer Hilfe &#8222;identifi\u00adziert&#8220; worden.<\/p>\n<p>Jetzt wird die Geschichte spannend. Doch leider m\u00fcssen wir hier wegen des Redaktionsschlusses abbrechen. Mehr \u00fcber den neuesten Agententhriller im Land der tausend Berge und Bunker im n\u00e4chsten HUNSR\u00dcCK-FORUM.<\/p>\n<figure id=\"attachment_605\" aria-describedby=\"caption-attachment-605\" style=\"width: 1100px\" class=\"wp-caption aligncenter\"><a href=\"http:\/\/pydna.de\/wp-content\/uploads\/2016\/06\/HorstPetry.jpg\"><img loading=\"lazy\" decoding=\"async\" class=\"wp-image-605 size-full\" src=\"http:\/\/pydna.de\/wp-content\/uploads\/2016\/06\/HorstPetry.jpg\" alt=\"HorstPetry\" width=\"1100\" height=\"730\" srcset=\"https:\/\/pydna.de\/wp-content\/uploads\/2016\/06\/HorstPetry.jpg 1100w, https:\/\/pydna.de\/wp-content\/uploads\/2016\/06\/HorstPetry-300x199.jpg 300w, https:\/\/pydna.de\/wp-content\/uploads\/2016\/06\/HorstPetry-1024x679.jpg 1024w\" sizes=\"(max-width: 1100px) 100vw, 1100px\" \/><\/a><figcaption id=\"caption-attachment-605\" class=\"wp-caption-text\">Horst Petry bei einer der legend\u00e4ren Redaktionsschluss-Sitzungen des HUNSR\u00dcCK-FORUMS in Pfalzfeld<\/figcaption><\/figure>\n<p>&nbsp;<\/p>\n<p><em>mehr:<\/em><\/p>\n<p>1 von 5:\u00a0\u00a0\u00a0 <strong><a title=\"Pana Papers + Provatagent Mauss\" href=\"http:\/\/pydna.de\/?page_id=500\">Panama Papers + Privatagent Mauss<\/a><\/strong><\/p>\n<p><em>\u00a0<\/em>2 von 5:\u00a0\u00a0\u00a0 <strong><a title=\"noch unzensiert\" href=\"http:\/\/pydna.de\/?page_id=461\">Mauss-H\u00f6hle, Hunsr\u00fcck-Forum 1991 (noch) unzensiert<\/a><\/strong><\/p>\n<p><span style=\"color: #999999;\">3 von 5: \u00a0\u00a0 Mauss-Loch in Altstrimmig, Hunsr\u00fcck-Forum 1988<\/span><\/p>\n<p>4 von 5:\u00a0\u00a0 <strong><a href=\"http:\/\/pydna.de\/?page_id=479\" target=\"_blank\">Hintergrundinformationen<\/a><\/strong><\/p>\n<p>5 von 5:\u00a0\u00a0 <strong><a href=\"http:\/\/pydna.de\/?page_id=657\">CDU in der Mauss-Falle<\/a><\/strong><\/p>\n<p>&nbsp;<\/p>\n<p>&nbsp;<\/p>\n<p>&nbsp;<\/p>\n<p><span style=\"color: #ff0000;\">+++ streng geheim +++<\/span><\/p>\n<p><a href=\"http:\/\/www.sczech.de\/?page_id=674\" target=\"_blank\"><strong>Akte Wippermann, Staatsanwalt Wippermann, 1985<\/strong><\/a><\/p>\n","protected":false},"excerpt":{"rendered":"<p>Eine Agentenstory aus dem Hunsr\u00fcck Wolfgang Bartels, Hunsr\u00fcck-Forum Nr. 20 April\/Juni 1988 Es war einmal ein Top-Agent, der im offiziellen Auftrag diverser &#8222;Staats\u00adschutz&#8220;-Beh\u00f6rden und Versicherungen die Kontakte zur Unterwelt herstellte. Er war in die Aff\u00e4re um das &#8222;Celler Loch&#8220; verwickelt, das Niedersachsens Mini\u00adsterpr\u00e4sident in die Gef\u00e4ngnismauer sprengen lie\u00df, um einen Vorwand f\u00fcr die &#8222;Terroristen&#8220;-Hatz zu &hellip; <a href=\"https:\/\/pydna.de\/?page_id=452\" class=\"more-link\"><span class=\"screen-reader-text\">Mauss-Loch in Altstrimmig<\/span> weiterlesen <span class=\"meta-nav\">&rarr;<\/span><\/a><\/p>\n","protected":false},"author":1,"featured_media":467,"parent":0,"menu_order":0,"comment_status":"closed","ping_status":"closed","template":"","meta":{"jetpack_post_was_ever_published":false,"footnotes":""},"jetpack_sharing_enabled":true,"jetpack_shortlink":"https:\/\/wp.me\/P7MoaS-7i","jetpack_likes_enabled":true,"_links":{"self":[{"href":"https:\/\/pydna.de\/index.php?rest_route=\/wp\/v2\/pages\/452"}],"collection":[{"href":"https:\/\/pydna.de\/index.php?rest_route=\/wp\/v2\/pages"}],"about":[{"href":"https:\/\/pydna.de\/index.php?rest_route=\/wp\/v2\/types\/page"}],"author":[{"embeddable":true,"href":"https:\/\/pydna.de\/index.php?rest_route=\/wp\/v2\/users\/1"}],"replies":[{"embeddable":true,"href":"https:\/\/pydna.de\/index.php?rest_route=%2Fwp%2Fv2%2Fcomments&post=452"}],"version-history":[{"count":12,"href":"https:\/\/pydna.de\/index.php?rest_route=\/wp\/v2\/pages\/452\/revisions"}],"predecessor-version":[{"id":672,"href":"https:\/\/pydna.de\/index.php?rest_route=\/wp\/v2\/pages\/452\/revisions\/672"}],"wp:featuredmedia":[{"embeddable":true,"href":"https:\/\/pydna.de\/index.php?rest_route=\/wp\/v2\/media\/467"}],"wp:attachment":[{"href":"https:\/\/pydna.de\/index.php?rest_route=%2Fwp%2Fv2%2Fmedia&parent=452"}],"curies":[{"name":"wp","href":"https:\/\/api.w.org\/{rel}","templated":true}]}}