{"id":500,"date":"2016-06-28T19:25:17","date_gmt":"2016-06-28T17:25:17","guid":{"rendered":"http:\/\/pydna.de\/?page_id=500"},"modified":"2022-11-03T18:07:41","modified_gmt":"2022-11-03T16:07:41","slug":"panama-papiere-privatagent-mauss-im-hunsrueck","status":"publish","type":"page","link":"https:\/\/pydna.de\/?page_id=500","title":{"rendered":"Panama Papers + Privatagent Mauss"},"content":{"rendered":"<p>Seit einigen Tagen wabern unglaubliche Ger\u00fcchte rund um das Hunsr\u00fccker D\u00f6rfchen Altstrimmig. Es geht um Mauss, Privatagent Werner Mauss.<\/p>\n<p>Aufgeschreckt durch die Ver\u00f6ffentlichung der &#8222;Panama Papers&#8220; und Berichte in der S\u00fcddeutschen Zeitung,\u00a0 hat Mauss wieder seine Anw\u00e4lte von der Kette gelassen.<br \/>\nDem Hunsr\u00fccker Rentner Werner W., engagierter Umweltsch\u00fctzer im BUND in den 80er Jahren, f\u00e4llt vor Schreck sein Vollkornbrot aus dem Mund. 1988 hatte er wegen aus seiner Sicht illegalen Baut\u00e4tigkeiten von Mauss in Altstrimmig Fragen an die zust\u00e4ndigen Beh\u00f6rden geschickt.<\/p>\n<ul>\n<li>Warum sind diese Fragen nach 28 Jahren f\u00fcr Herrn Mauss so unbequem?<\/li>\n<li>Warum sollen zehn Stellen in einem Heft des HUNSR\u00dcCK-FORUMS von <strong>1991(!)\u00a0<\/strong> <strong>25 Jahre sp\u00e4ter<\/strong> gel\u00f6scht werden?<\/li>\n<li>Welche Verbindungen sollen verschleiert werden?<\/li>\n<\/ul>\n<p><a href=\"http:\/\/pydna.de\/wp-content\/uploads\/2016\/06\/MaussConnection.jpg\"><img loading=\"lazy\" decoding=\"async\" class=\"aligncenter wp-image-501 size-full\" src=\"http:\/\/pydna.de\/wp-content\/uploads\/2016\/06\/MaussConnection.jpg\" alt=\"MaussConnection\" width=\"1100\" height=\"560\" srcset=\"https:\/\/pydna.de\/wp-content\/uploads\/2016\/06\/MaussConnection.jpg 1100w, https:\/\/pydna.de\/wp-content\/uploads\/2016\/06\/MaussConnection-300x152.jpg 300w, https:\/\/pydna.de\/wp-content\/uploads\/2016\/06\/MaussConnection-1024x521.jpg 1024w\" sizes=\"(max-width: 1100px) 100vw, 1100px\" \/><\/a><\/p>\n<h3>Zeitleiste der F\u00e4lle und Aff\u00e4ren<\/h3>\n<p><strong>1969<\/strong> Unter dem Decknamen Richard Nelson erwirbt Geheimagent Werner Mauss ein Anwesen in Altstrimmig im Hunsr\u00fcck.<\/p>\n<p><strong>1969<\/strong>\u00a0 Das LKA Hessen in Wiesbaden untersagte seinen Beamten dienstlichen wie privaten Kontakt zu Mauss. Er bekam Hausverbot. Aber nebenan, beim\u00a0 Bundeskriminalamt war er wohlgelitten. &#8222;Der sprang da rum&#8220;, erinnert sich der ehemalige Amtschef Horst Herold an die Anf\u00e4nge, &#8222;meldete Verbrechen, ging beim BKA und bei Landeskriminal\u00e4mtern ein und aus, und keiner war richtig zust\u00e4ndig f\u00fcr ihn.&#8220; Werner Mauss arbeitete erstmals im Auftrag der damals neu eingerichteten Ermittlungsgruppe des BKA. [1]<\/p>\n<p><strong>1971<\/strong> Ein Privatflugzeug von Mauss muss wegen eines Defekts in der Benzinleitung notlanden. Die Benzinleitung sei, so Sicherheitsbedienstete des US-Flugplatzes Hahn im Hunsr\u00fcck, manipuliert gewesen.<\/p>\n<figure id=\"attachment_467\" aria-describedby=\"caption-attachment-467\" style=\"width: 1100px\" class=\"wp-caption aligncenter\"><a href=\"http:\/\/pydna.de\/wp-content\/uploads\/2016\/06\/Agent_MausAltstrimmig_Titel.jpg\"><img loading=\"lazy\" decoding=\"async\" class=\"wp-image-467 size-full\" src=\"http:\/\/pydna.de\/wp-content\/uploads\/2016\/06\/Agent_MausAltstrimmig_Titel.jpg\" alt=\"Agent_MausAltstrimmig_Titel\" width=\"1100\" height=\"404\" srcset=\"https:\/\/pydna.de\/wp-content\/uploads\/2016\/06\/Agent_MausAltstrimmig_Titel.jpg 1100w, https:\/\/pydna.de\/wp-content\/uploads\/2016\/06\/Agent_MausAltstrimmig_Titel-300x110.jpg 300w, https:\/\/pydna.de\/wp-content\/uploads\/2016\/06\/Agent_MausAltstrimmig_Titel-1024x376.jpg 1024w\" sizes=\"(max-width: 1100px) 100vw, 1100px\" \/><\/a><figcaption id=\"caption-attachment-467\" class=\"wp-caption-text\">Altstrimmig, modernes Geb\u00e4ude an gro\u00dfen Steinen 1988\u00a0 (Foto: James)<\/figcaption><\/figure>\n<p><strong>1976<\/strong>: Mauss sp\u00fcrt den K\u00f6lner Domschatz in Belgrad auf.<\/p>\n<p><strong>1976<\/strong>: RAF Terroritenfahndung mit &#8222;Geheimwaffe&#8220; Mauss: In Athen werden auf Initiative von Mauss Kioske observiert, die die \u201eS\u00fcddeutsche\u201c verkaufen. \u00a0Kurz nachdem RAF-Terrorist Rolf Pohle wie gewohnt das Blatt kauft, wird er verhaftet.<\/p>\n<p><strong>1979:<\/strong>\u00a0 Mit einer Cessna verungl\u00fcckte der Altstrimmiger M\u00f6belfabrikanten Franz Theisen am 11. Mai 1979 bei N\u00fcrnberg t\u00f6dlich. Seine Witwe Marlis Theisen vermutet aufgrund mysteri\u00f6ser Anrufe aus der Schweiz, dass es sich um einen Anschlag gehandelt habe, der eigentlich Mauss galt; die Theisen-Maschine stand zumeist auf dem Flugplatz in Altstrimmig, auf dem auch Mauss h\u00e4ufig startete und landete. Im selben Jahr habe Mauss in seiner Flugzeughalle zu Altstrimmig Einschussl\u00f6cher festgestellt. [6]<\/p>\n<p><strong>1983:<\/strong> Im Zuge des Gerichtsverfahrens gegen den Juwelier Ren\u00e9 D\u00fce gelangte das erste Foto von Werner Mauss an die Presse.<\/p>\n<p><strong>1984:<\/strong>\u00a0 Ein Untersuchungsausschuss des Nieders\u00e4chsischen Landtags versuchte zu kl\u00e4ren, ob und inwiefern Mauss wann, von wem und wozu mit Legenden ausgestattet worden ist, ob er unter Decknamen ausschlie\u00dflich Landesinteressen oder auch privatwirtschaftlichen gedient, ob er als Agent provocateur gearbeitet und gemeinsam mit Beamten Rechtsverletzungen begangen hat.<\/p>\n<p><strong>1985:<\/strong> Mauss wird verst\u00e4rkt in S\u00fcdamerika t\u00e4tig, vor allem in Kolumbien. Hier war er \u2013 zun\u00e4chst im Auftrag der Mannesmann AG \u2013 eingesetzt, um den Bau einer Pipeline gegen den Widerstand der Guerillagruppe ELN durchzusetzen und vier entf\u00fchrte Manager der Firma zu befreien.<\/p>\n<p><strong>1985:\u00a0<\/strong> SPIEGEL Titelgeschichte \u201eDer Detektiv und die \u201eDreckskerle\u201c Die dunklen Gesch\u00e4fte des V-Mannes Werner Mauss\u201c\u00a0\u00a0 [1]<\/p>\n<p><strong>1987:<\/strong> Ein Untersuchungsausschuss in Hannover l\u00e4dt Mauss wegen Bomben-Lochs im Gef\u00e4ngnis von Celle vor. Er erscheint nicht.<\/p>\n<p><strong>1987:<\/strong> Ministerpr\u00e4sident Uwe Barschel stirbt in Genf, gleichzeitig h\u00e4lt sich Mauss dort auf.\u00a0 Mauss, der im Nebenhotel des &#8222;Beau-Rivage&#8220; wohnte, sagte aus, dass sein Genf-Aufenthalt ausschlie\u00dflich seiner Vermittlerfunktion bei einer Geiselbefreiungsaktion diente.<\/p>\n<p><strong>1988:\u00a0<\/strong> Nolilane N.V. beauftragen Rechtsanw\u00e4lte Hansen\/Huthwelker aus Simmern gegen Reinhard Sczech wegen bef\u00fcrchteter Berichtserstattung im Hunsr\u00fcck-Forum vorzugehen. \u201e\u2026erwarten Herausgabe des Bildmaterials.\u201c (Nolilane N.V. von der Karibikinsel Cura\u00e7ao taucht 2016 wieder in den Panama Papieren auf).<\/p>\n<p><a href=\"http:\/\/pydna.de\/wp-content\/uploads\/2016\/06\/MaussConnection3.png\"><img loading=\"lazy\" decoding=\"async\" class=\"aligncenter wp-image-521 size-full\" src=\"http:\/\/pydna.de\/wp-content\/uploads\/2016\/06\/MaussConnection3.png\" alt=\"MaussConnection3\" width=\"711\" height=\"383\" srcset=\"https:\/\/pydna.de\/wp-content\/uploads\/2016\/06\/MaussConnection3.png 711w, https:\/\/pydna.de\/wp-content\/uploads\/2016\/06\/MaussConnection3-300x161.png 300w\" sizes=\"(max-width: 711px) 100vw, 711px\" \/><\/a><\/p>\n<p><strong>1988: \u00a0<\/strong> Hunsr\u00fcck Forum Bericht \u201eMauss-Loch in Altstrimmig.\u00a0 Eine Agentenstory aus dem Hunsr\u00fcck\u201c von Wolfgang Bartels.<\/p>\n<p><strong>1991: \u00a0<\/strong> Hunsr\u00fcck Forum Bericht \u00a0\u00a0\u201eGeheimagent baut \u2018Mauss\u2019-H\u00f6hle im Hunsr\u00fcck\u201c von Reinhard Sczech<\/p>\n<p><strong>1996:<\/strong>\u00a0 Mauss und Ehefrau wurden von der kolumbianischen Polizei in Medell\u00edn verhaftet, als sie mit einer zuvor von \u00f6rtlichen Kriminellen entf\u00fchrten und von der Guerillabewegung ELN zur Freilassung verhandelten deutschen Geisel das Land verlassen wollten. Sie blieben neun Monate in Untersuchungshaft, da man ihnen vorwarf, in L\u00f6segeldzahlungenverwickelt zu sein.<\/p>\n<p><strong>1997:<\/strong>\u00a0 DER SPIEGEL zu Barschel Untersuchungen: \u201e\u2026Doch Mauss hatte auch in Genf geheime Helfer, von denen die Deutschen nichts wussten. Der Polizeioffizier Louis Demartin von der Genfer Kripo geh\u00f6rte dazu. Der wurde sp\u00e4ter sogar disziplinarisch bestraft, weil er Mauss pflichtwidrig zugearbeitet hatte. Reiner Zufall nat\u00fcrlich, dass ausgerechnet Demartin die Todesermittlungen im Fall Barschel leiten w\u00fcrde. \u2026 Der Genfer Generalstaatsanwalt Bernard Bertossa \u2026.: &#8222;Ich meine, da\u00df die Anwesenheit von Herrn Mauss nicht von vornherein als blo\u00dfer Zufall betrachtet werden kann.&#8220; [4]<\/p>\n<p><strong>1998:\u00a0<\/strong> Ermittlungsverfahren gegen Mauss in Kolumbien wird eingestellt.<\/p>\n<p><strong>2000:<\/strong> Mauss arbeitet wohl \u00a0nicht mehr im staatlichen Auftrag.<\/p>\n<p><strong>2007<\/strong>: DIE WELT \u201eWerner Mauss und das Steuergeheimnis. \u00a0Der Agent ist geheimnisumwittert, m\u00f6glicherweise auch gef\u00e4hrdet. Angeblich wurde er bereits von einem Journalisten mit brisanten Indiskretionen erpresst. Nun wollte er eine Steuerpr\u00fcfung umgehen, um seine Geheimnisse zu sch\u00fctzen. Er bat CDU-Fraktionsvize Bosbach um Hilfe \u2026 \u00a0\u201cWenn ich sehe, dass \u00fcber Jahre hinweg streng vertrauliches Material aus verschiedenen Sicherheitsbeh\u00f6rden durchgestochen wurde, an wen auch immer, dann kann ich nicht zur Tagesordnung \u00fcbergehen. Das Material ist wirklich brisant&#8220;, sagte Bosbach. Deshalb habe er gleich Generalbundesanw\u00e4ltin Monika Harms angerufen und alles abholen lassen. Die zust\u00e4ndige Staatsanwaltschaft M\u00fcnchen wertet die Dokumente nun aus. [5]<\/p>\n<p><strong>2008<\/strong>\u00a0 Eine Anwaltskanzlei in Eisenach beginnt im Auftrag von Nolilane N.V. alias Nelson alias Mauss mit Parteispenden an die CDU in Rheinland-Pfalz.\u00a0 2008 bis 2015 insgesamt 82.000 Euro, davon 63.500 Euro an die CDU Cochem-Zell. Die Anwaltskanzlei in Eisenach ist Partner von Hansen Huthwelker in Simmern, die schon im Auftrag vonNolilane N.V. 1988 gegen Berichterstattung im Hunsr\u00fcck-Forum vorgegangen sind.<\/p>\n<p><a href=\"http:\/\/pydna.de\/wp-content\/uploads\/2016\/06\/SpendeCDU_Hansen.png\"><img loading=\"lazy\" decoding=\"async\" class=\"aligncenter wp-image-648 size-full\" src=\"http:\/\/pydna.de\/wp-content\/uploads\/2016\/06\/SpendeCDU_Hansen.png\" alt=\"spendecdu_hansen\" width=\"1490\" height=\"701\" srcset=\"https:\/\/pydna.de\/wp-content\/uploads\/2016\/06\/SpendeCDU_Hansen.png 1490w, https:\/\/pydna.de\/wp-content\/uploads\/2016\/06\/SpendeCDU_Hansen-300x141.png 300w, https:\/\/pydna.de\/wp-content\/uploads\/2016\/06\/SpendeCDU_Hansen-768x361.png 768w, https:\/\/pydna.de\/wp-content\/uploads\/2016\/06\/SpendeCDU_Hansen-1024x482.png 1024w\" sizes=\"(max-width: 1490px) 100vw, 1490px\" \/><\/a><\/p>\n<p><strong>2010<\/strong>: DIE WELT schreibt zu Barschel und Mauss: \u201eTatsache allerdings ist, dass der ehemalige deutsche Top-Agent Werner Mauss, der undercover f\u00fcr die Bundesregierung bei Geiselnahmen verhandelte, zum Zeitpunkt von Barschels Tod in Genf war. Mauss, der im Nebenhotel des &#8222;Beau-Rivage&#8220; wohnte, sagte aus, dass sein Genf-Aufenthalt ausschlie\u00dflich seiner Vermittlerfunktion bei einer Geiselbefreiungsaktion diente. Spannend ist in diesem Zusammenhang die Geschichte des Schweizer Privatdetektivs Jean-Jacques Griessen, der laut L\u00fcbecker Akte 1987 f\u00fcr Werner Mauss arbeitete. \u201c\u00a0 Laut einer Zeugenaussage telefonierte er am Vormittag nach Barschels Tod mit Mauss. Der Agent forderte ihn auf, sich bereit zu halten, &#8222;da etwas passiert sei&#8220;. Griessen soll angegeben haben, dass er im Auftrag von Mauss Zimmer im &#8222;Beau-Rivage&#8220; mit Wanzen und Kameras pr\u00e4pariert habe. Die L\u00fcbecker Ermittler h\u00e4tten den Detektiv gerne danach gefragt &#8211; aber das war nicht m\u00f6glich. Im Gesamtbericht hei\u00dft es: &#8222;Griessen konnte nicht mehr befragt werden, da er am 09.11.1992 in Z\u00fcrich w\u00e4hrend eines Aufenthaltes bei einer Prostituierten an einem Herzversagen gestorben ist.&#8220; Griessen hatte sich am selben Tag mit einem BKA-Mann und einem Mossad-Agenten treffen wollen. [3]<\/p>\n<p><strong>2012:<\/strong> Deutsche Beh\u00f6rden kaufen Kundendaten der Schweizer Bank UBS auf. Darin taucht Claus M\u00f6llner alias Werner Mauss als Beg\u00fcnstigter zweier Stiftungen auf, Verm\u00f6gen 2008: \u00a037 Millionen Euro.<\/p>\n<p><strong>2012, 18. Dezember:<\/strong> Steuerfahndung Hausdurchsuchung bei \u201eClaus M\u00f6llner\u201c alias Werner Mauss in Altstrimmig. Der Meister ist \u201eau\u00dferh\u00e4usig\u201c,\u00a0 wird am 21. Dezember 2012 festgenommen und gegen eine Sicherheit in H\u00f6he von einer Million Euro freigelassen.<\/p>\n<p><strong>2014:\u00a0<\/strong> Reisepass auf seine Tarnidentit\u00e4t \u201eClaus M\u00f6llner\u201c wird 2014 offiziell verl\u00e4ngert.<\/p>\n<p><strong>2016:<\/strong> Mauss soll nach den im April 2016 ver\u00f6ffentlichten Panama Papers mit Briefkastenfirmen in S\u00fcdamerika in Zusammenhang stehen. Als Tarnname wird \u201eKlaus M\u00f6llner\u201c und auch \u201eClaus M\u00f6llner\u201c und \u201eWerner M\u00f6ller\u201c genannt. Ebenso wurden die Namen \u201eRichard Nelson\u201c, \u201eAlexander Nelson\u201c, \u201eHorst Faber\u201c, \u201eDr. Lampe\u201c, \u201eJacques\u201c, \u201eMarlowe\u201c, \u201eOtto John\u201c und \u201eHerbert Rick\u201c genannt. Die Namen der Briefkastenfirmen sind \u201eNolilane\u201c, \u201eTransacta Valores\u201c, \u201eBoreal Management\u201c, \u201eBaird Ressources\u201c, \u201eCapriccio Management\u201c, \u201eBradler International\u201c, \u201eCorporaci\u00f3n de Inversiones Cascabel\u201c, \u201eGoldborn Overseas\u201c, \u201eGoodwin Holdings Corp\u201c, \u201eNerball Enterprises\u201c, \u201eZabo S.A.\u201c und \u201eAnysberg International\u201c.<\/p>\n<p><a href=\"http:\/\/pydna.de\/wp-content\/uploads\/2016\/06\/MaussConnection4.jpg\"><img loading=\"lazy\" decoding=\"async\" class=\"aligncenter wp-image-599 size-full\" src=\"http:\/\/pydna.de\/wp-content\/uploads\/2016\/06\/MaussConnection4.jpg\" alt=\"MaussConnection4\" width=\"989\" height=\"580\" srcset=\"https:\/\/pydna.de\/wp-content\/uploads\/2016\/06\/MaussConnection4.jpg 989w, https:\/\/pydna.de\/wp-content\/uploads\/2016\/06\/MaussConnection4-300x175.jpg 300w\" sizes=\"(max-width: 989px) 100vw, 989px\" \/><\/a><\/p>\n<p><strong>2016:\u00a0<\/strong> Mauss Anw\u00e4lte in M\u00fcnchen fordern vom HUNSR\u00dcCK-FORUM e.V. eine ultimative Unterlassungserkl\u00e4rung\u00a0 f\u00fcr 10 Stellen im Heft Nr. 45\/1991 <em>\u201eGeheimagent baut \u2018Mauss\u2018-H\u00f6hle im Hunsr\u00fcck&#8220;<\/em>.<br \/>\n<strong>2016:<\/strong> S\u00fcddeutsche Zeitung Bericht: Mauss Spenden an CDU Rheinland-Pfalz<\/p>\n<figure id=\"attachment_645\" aria-describedby=\"caption-attachment-645\" style=\"width: 827px\" class=\"wp-caption aligncenter\"><a href=\"http:\/\/pydna.de\/wp-content\/uploads\/2016\/06\/SpendeCDU_SWR.png\"><img loading=\"lazy\" decoding=\"async\" class=\"wp-image-645 size-full\" src=\"http:\/\/pydna.de\/wp-content\/uploads\/2016\/06\/SpendeCDU_SWR.png\" alt=\"spendecdu_swr\" width=\"827\" height=\"741\" srcset=\"https:\/\/pydna.de\/wp-content\/uploads\/2016\/06\/SpendeCDU_SWR.png 827w, https:\/\/pydna.de\/wp-content\/uploads\/2016\/06\/SpendeCDU_SWR-300x269.png 300w, https:\/\/pydna.de\/wp-content\/uploads\/2016\/06\/SpendeCDU_SWR-768x688.png 768w\" sizes=\"(max-width: 827px) 100vw, 827px\" \/><\/a><figcaption id=\"caption-attachment-645\" class=\"wp-caption-text\"><a href=\"http:\/\/www.swr.de\/landesschau-aktuell\/rp\/wirbel-um-ex-geheimagenten-mauss-hinterzogenes-geld-an-die-cdu-gespendet\/-\/id=1682\/did=18225888\/nid=1682\/4nl9tn\/index.html\">http:\/\/www.swr.de\/landesschau-aktuell\/rp\/wirbel-um-ex-geheimagenten-mauss-hinterzogenes-geld-an-die-cdu-gespendet\/<\/a><\/figcaption><\/figure>\n<p><a href=\"http:\/\/pydna.de\/wp-content\/uploads\/2016\/06\/MaussConnection7.png\"><img loading=\"lazy\" decoding=\"async\" class=\"aligncenter wp-image-646 size-full\" src=\"http:\/\/pydna.de\/wp-content\/uploads\/2016\/06\/MaussConnection7.png\" alt=\"maussconnection7\" width=\"743\" height=\"494\" srcset=\"https:\/\/pydna.de\/wp-content\/uploads\/2016\/06\/MaussConnection7.png 743w, https:\/\/pydna.de\/wp-content\/uploads\/2016\/06\/MaussConnection7-300x199.png 300w\" sizes=\"(max-width: 743px) 100vw, 743px\" \/><\/a><\/p>\n<p><em>mehr:<\/em><\/p>\n<p><span style=\"color: #999999;\">1 von 5:\u00a0\u00a0\u00a0 Panama Papers + Privatagent Mauss<br \/>\n<\/span><\/p>\n<p><em>\u00a0<\/em>2 von 5:\u00a0\u00a0\u00a0 <strong><a title=\"noch unzensiert\" href=\"http:\/\/pydna.de\/?page_id=461\">Mauss-H\u00f6hle, Hunsr\u00fcck-Forum 1991 (noch) unzensiert<br \/>\n<span style=\"color: #999999;\">\u00a0\u00a0\u00a0\u00a0\u00a0\u00a0\u00a0\u00a0\u00a0\u00a0\u00a0\u00a0\u00a0\u00a0\u00a0\u00a0\u00a0\u00a0\u00a0\u00a0\u00a0\u00a0\u00a0\u00a0\u00a0 (mit weiteren Mitmachaktionen)<\/span>\u00a0 <\/a><\/strong><\/p>\n<p>3 von 5: \u00a0\u00a0 <a href=\"http:\/\/pydna.de\/?page_id=452\" target=\"_blank\" rel=\"noopener\"><strong>Mauss-Loch in Altstrimmig, Hunsr\u00fcck-Forum 1988<\/strong><\/a><\/p>\n<p>4 von 5:\u00a0\u00a0 <strong><a href=\"http:\/\/pydna.de\/?page_id=479\" target=\"_blank\" rel=\"noopener\">Hintergrundinformationen<\/a><\/strong><\/p>\n<p>5 von 5:\u00a0\u00a0 <strong><a href=\"http:\/\/pydna.de\/?page_id=657\">CDU in der Mauss-Falle<\/a><\/strong><\/p>\n<p>Quellen<\/p>\n<p>[1] <a title=\"spiegel\" href=\"http:\/\/www.spiegel.de\/spiegel\/print\/d-13515468.html\" target=\"_blank\" rel=\"noopener\">http:\/\/www.spiegel.de\/spiegel\/print\/d-13515468.html<\/a><\/p>\n<p>[2]\u00a0<a href=\"http:\/\/www.spiegel.de\/spiegel\/print\/d-8843014.html\" target=\"_blank\" rel=\"noopener\">http:\/\/www.spiegel.de\/spiegel\/print\/d-8843014.html<\/a><\/p>\n<p>[3] <a href=\"http:\/\/www.welt.de\/politik\/deutschland\/article11104929\/Uwe-Barschel-der-Tote-in-Zimmer-317.html\" target=\"_blank\" rel=\"noopener\">http:\/\/www.welt.de\/politik\/deutschland\/article11104929\/Uwe-Barschel-der-Tote-in-Zimmer-317.html<\/a><\/p>\n<p>[4]\u00a0<a href=\"http:\/\/www.spiegel.de\/spiegel\/print\/d-8805609.html\" target=\"_blank\" rel=\"noopener\">http:\/\/www.spiegel.de\/spiegel\/print\/d-8805609.html<\/a><\/p>\n<p>[5] <a href=\"http:\/\/www.welt.de\/nrw\/article860200\/Werner-Mauss-und-das-Steuergeheimnis.html\" target=\"_blank\" rel=\"noopener\">http:\/\/www.welt.de\/nrw\/article860200\/Werner-Mauss-und-das-Steuergeheimnis.html<\/a><\/p>\n<p>[6] <a href=\"http:\/\/www.zvab.com\/Mauss-deutscher-Agent-Aust-Stefan-Droemer\/10585630906\/buch\" target=\"_blank\" rel=\"noopener\">Stefan Aust: <i>Mauss, ein deutscher Agent<\/i>. Goldmann-Verlag, 1999, ISBN 3-455-08641-1.<\/a><\/p>\n<p><a href=\"https:\/\/vimeo.com\/161599352\">Der Topagent &#8211; das geheime Leben des Werner Mauss (dbate.de)<\/a> from <a href=\"https:\/\/vimeo.com\/user26613750\">ECO Media TV-Produktion GmbH<\/a> on <a href=\"https:\/\/vimeo.com\">Vimeo<\/a>.<\/p>\n<h5><strong>\u00a0Telefonkonferenz<\/strong><\/h5>\n<p>James: \u201eWerner, hast du schon geh\u00f6rt, der Mauss\u2026.\u201c<\/p>\n<p>Werner: \u201eWaas? Deer Mauss?\u201c<\/p>\n<p>James: \u201eJa, hast du noch die Anfrage von 1988?\u201c<\/p>\n<p>Werner: \u201e\u00c4h, ich glaube ja, habe alles im Keller ordentlich aufgehoben.\u201c<\/p>\n<p>James: \u201eNa Gott sei Dank, soll alles illegal sein\u201c.<\/p>\n<p>Werner: \u201eWas, die Bauarbeiten?\u201c<\/p>\n<p>James: \u201eNein, die Ver\u00f6ffentlichung deiner Anfrage.\u201c<\/p>\n<p>Werner: \u201eAber das war vor 28 Jahren.\u201c<\/p>\n<p>Jacqueline-Antoinette: \u201eIch habe in der Zwischenzeit Jura studiert.\u201c<\/p>\n<p>Werner: \u201eJa aber\u2026\u201c<\/p>\n<p>Jacqueline-Antoinette: \u201eMauss hat diesmal bessere Anw\u00e4lte engagiert.\u201c<\/p>\n<p>James: \u201eHm, du meinst besser als die Hunsr\u00fccker Amateure aus Simmern damals?\u201c<\/p>\n<p>Jacqueline-Antoinette: \u201eJa sicher, diesmal das ganz gro\u00dfes Besteck aus M\u00fcnchen.\u201c<\/p>\n<p>James: \u201c\u2026 und was macht Axel?\u201d<\/p>\n<p>Jacqueline-Antoinette: \u201eTja, die Waffen strecken! Nach sooo langer Zeit, eine sooo kleine Zeitschrift, sooo viel schw\u00e4rzen, aber Mauss kann sooooooooo viel \u00c4rger machen!\u201d<\/p>\n<p>Werner: \u201eHalleluja, aber warum nach 28 Jahren?\u201c<\/p>\n<p>Jacqueline-Antoinette: \u201eDie Panama Papiere!\u201c<\/p>\n<p>Werner: \u201eVerstehe nicht\u2026\u201c<\/p>\n<p>James: \u201eWir auch nicht, aber wir werten aus.\u201c<\/p>\n<p>Werner: \u201eWas?\u201c<\/p>\n<p>Jacqueline-Antoinette: \u201eBig Data.\u201c<\/p>\n<p>James.: \u201eNennen wir es mal Crowdrech\u00e9rching.\u201d<\/p>\n<p>Werner: \u201cMeine Schreibmaschine ist kaputt.\u201d<\/p>\n<p>James: \u201cWir sollten mal wieder wandern,\u00a0 wie 1988. Dieses mal nehmen wir aber Elisabeth mit.\u201d<\/p>\n<p>Werner: \u201cIch bin dabei!\u201d<\/p>\n<p>Jacqueline-Antoinette: \u201eMacht auch sch\u00f6ne Fotos, bin gespannt wie die Mauss-Residenz nach so langer Zeit aussieht.\u201c<\/p>\n<p><span style=\"color: #ff0000;\">+++ streng geheim +++<\/span><\/p>\n<p><a href=\"http:\/\/www.sczech.de\/?page_id=674\" target=\"_blank\" rel=\"noopener\"><strong>Akte Wippermann, Staatsanwalt Wippermann, 1985<\/strong><\/a><\/p>\n","protected":false},"excerpt":{"rendered":"<p>Seit einigen Tagen wabern unglaubliche Ger\u00fcchte rund um das Hunsr\u00fccker D\u00f6rfchen Altstrimmig. Es geht um Mauss, Privatagent Werner Mauss. Aufgeschreckt durch die Ver\u00f6ffentlichung der &#8222;Panama Papers&#8220; und Berichte in der S\u00fcddeutschen Zeitung,\u00a0 hat Mauss wieder seine Anw\u00e4lte von der Kette gelassen. Dem Hunsr\u00fccker Rentner Werner W., engagierter Umweltsch\u00fctzer im BUND in den 80er Jahren, f\u00e4llt &hellip; <a href=\"https:\/\/pydna.de\/?page_id=500\" class=\"more-link\"><span class=\"screen-reader-text\">Panama Papers + Privatagent Mauss<\/span> weiterlesen <span class=\"meta-nav\">&rarr;<\/span><\/a><\/p>\n","protected":false},"author":1,"featured_media":503,"parent":0,"menu_order":0,"comment_status":"closed","ping_status":"closed","template":"","meta":{"jetpack_post_was_ever_published":false,"footnotes":""},"jetpack_sharing_enabled":true,"jetpack_shortlink":"https:\/\/wp.me\/P7MoaS-84","jetpack_likes_enabled":true,"_links":{"self":[{"href":"https:\/\/pydna.de\/index.php?rest_route=\/wp\/v2\/pages\/500"}],"collection":[{"href":"https:\/\/pydna.de\/index.php?rest_route=\/wp\/v2\/pages"}],"about":[{"href":"https:\/\/pydna.de\/index.php?rest_route=\/wp\/v2\/types\/page"}],"author":[{"embeddable":true,"href":"https:\/\/pydna.de\/index.php?rest_route=\/wp\/v2\/users\/1"}],"replies":[{"embeddable":true,"href":"https:\/\/pydna.de\/index.php?rest_route=%2Fwp%2Fv2%2Fcomments&post=500"}],"version-history":[{"count":37,"href":"https:\/\/pydna.de\/index.php?rest_route=\/wp\/v2\/pages\/500\/revisions"}],"predecessor-version":[{"id":816,"href":"https:\/\/pydna.de\/index.php?rest_route=\/wp\/v2\/pages\/500\/revisions\/816"}],"wp:featuredmedia":[{"embeddable":true,"href":"https:\/\/pydna.de\/index.php?rest_route=\/wp\/v2\/media\/503"}],"wp:attachment":[{"href":"https:\/\/pydna.de\/index.php?rest_route=%2Fwp%2Fv2%2Fmedia&parent=500"}],"curies":[{"name":"wp","href":"https:\/\/api.w.org\/{rel}","templated":true}]}}